{"id":973,"date":"2018-01-06T17:44:44","date_gmt":"2018-01-06T16:44:44","guid":{"rendered":"https:\/\/www.schreinerei-wollscheid.de\/site\/referenzen\/"},"modified":"2018-11-02T15:33:52","modified_gmt":"2018-11-02T14:33:52","slug":"boedenmitcharakter","status":"publish","type":"page","link":"https:\/\/www.schreinerei-wollscheid.de\/site\/boedenmitcharakter\/","title":{"rendered":"B\u00f6den mit Charakter"},"content":{"rendered":"<p>[et_pb_section bb_built=&#8220;1&#8243; custom_padding=&#8220;0px|0px|0px|0px&#8220; _builder_version=&#8220;3.0.64&#8243; next_background_color=&#8220;#000000&#8243;][et_pb_row custom_padding=&#8220;0px|0px|0px|0px&#8220; _builder_version=&#8220;3.0.64&#8243; background_size=&#8220;initial&#8220; background_position=&#8220;top_left&#8220; background_repeat=&#8220;repeat&#8220;][et_pb_column type=&#8220;4_4&#8243;][et_pb_text admin_label=&#8220;Text Abstandshalter mit Leerzeilen&#8220; _builder_version=&#8220;3.0.64&#8243; custom_margin=&#8220;0px|0px|0px|0px&#8220; custom_padding=&#8220;0px|0px|10px|0px&#8220; background_layout=&#8220;light&#8220; text_orientation=&#8220;left&#8220; border_style=&#8220;solid&#8220;]<\/p>\n<p><span style=\"color: #ffffff;\">:<\/span><br \/>\n<span style=\"color: #ffffff;\">:<\/span><\/p>\n<p class=\"bodytext\">[\/et_pb_text][et_pb_text admin_label=&#8220;Text \u00dcberschrift B\u00f6den mit Charakter&#8220; _builder_version=&#8220;3.13.1&#8243; custom_margin=&#8220;0px|0px|0px|0px&#8220; custom_padding=&#8220;0px|0px|10px|0px&#8220;]<\/p>\n<h2 class=\"csc-firstHeader\">B\u00f6den mit Charakter<\/h2>\n<h2><span style=\"color: #ffffff;\">:<\/span><br \/>\n<span style=\"color: #ffffff;\">:<\/span><\/h2>\n<p class=\"bodytext\">[\/et_pb_text][\/et_pb_column][\/et_pb_row][et_pb_row custom_padding=&#8220;0px|0px|0px|0px&#8220; _builder_version=&#8220;3.0.64&#8243; background_size=&#8220;initial&#8220; background_position=&#8220;top_left&#8220; background_repeat=&#8220;repeat&#8220;][et_pb_column type=&#8220;1_2&#8243;][et_pb_image admin_label=&#8220;Bild parkett_m_tuer&#8220; _builder_version=&#8220;3.13.1&#8243; src=&#8220;https:\/\/www.schreinerei-wollscheid.de\/site\/wp-content\/uploads\/2018\/09\/schreinerei_wollscheid_parkett_m_tuer.jpg&#8220; show_in_lightbox=&#8220;on&#8220; \/][\/et_pb_column][et_pb_column type=&#8220;1_2&#8243;][et_pb_text admin_label=&#8220;Text Treppen&#8220; _builder_version=&#8220;3.13.1&#8243;]<\/p>\n<p class=\"bodytext\"><b>Ein Holzboden schafft eine warme<br \/>\nund behagliche Atmossp\u00e4hre.\u00a0<\/b><\/p>\n<p>Im privaten Bereich, aber auch f\u00fcr Gesch\u00e4ftsr\u00e4ume,<br \/>\nwerden Dielen- und Parkettb\u00f6den immer beliebter.<br \/>\nWir\u00a0beraten Sie gerne bei der Auswahl der geeigneten<br \/>\nH\u00f6lzer, damit Ihr neuer Boden den Anforderungen<br \/>\ndes Einsatzbereiches gerecht wird.<\/p>\n<p>Viele Holzb\u00f6den sind auch f\u00fcr Fu\u00dfbodenheizungen geeignet.<br \/>\n<b><br \/>\n<\/b><a class=\"internal-link\" title=\"\u00d6ffnet internen Link im aktuellen Fenster\" href=\"https:\/\/www.schreinerei-wollscheid.de\/site\/beispielenboeden\/\">Hier finden Sie einige Beispiele unserer Holzb\u00f6den<\/a><b><br \/>\n<\/b><\/p>\n<p class=\"bodytext\">\n<p class=\"bodytext\">[\/et_pb_text][\/et_pb_column][\/et_pb_row][\/et_pb_section][et_pb_section bb_built=&#8220;1&#8243; custom_padding=&#8220;0px|0px|0px|0px&#8220; _builder_version=&#8220;3.0.64&#8243; next_background_color=&#8220;#000000&#8243; prev_background_color=&#8220;#000000&#8243;][et_pb_row custom_padding=&#8220;0px|0px|0px|0px&#8220; _builder_version=&#8220;3.0.64&#8243; background_size=&#8220;initial&#8220; background_position=&#8220;top_left&#8220; background_repeat=&#8220;repeat&#8220;][et_pb_column type=&#8220;4_4&#8243;][et_pb_text admin_label=&#8220;Text Abstandshalter&#8220; _builder_version=&#8220;3.13.1&#8243; custom_margin=&#8220;0px|0px|0px|0px&#8220; custom_padding=&#8220;0px|0px|10px|0px&#8220;]<\/p>\n<h2><span style=\"color: #ffffff;\">:<\/span><br \/>\n<span style=\"color: #ffffff;\">:<\/span><\/h2>\n<p class=\"bodytext\">[\/et_pb_text][\/et_pb_column][\/et_pb_row][et_pb_row custom_padding=&#8220;0px|0px|0px|0px&#8220; _builder_version=&#8220;3.0.64&#8243; background_size=&#8220;initial&#8220; background_position=&#8220;top_left&#8220; background_repeat=&#8220;repeat&#8220;][et_pb_column type=&#8220;4_4&#8243;][et_pb_text admin_label=&#8220;Text \u00dcberschrift Einbau eines Parkettbodens&#8220; _builder_version=&#8220;3.13.1&#8243; custom_margin=&#8220;0px|0px|0px|0px&#8220; custom_padding=&#8220;0px|0px|10px|0px&#8220;]<\/p>\n<h2>Einbau eines Parkettbodens<\/h2>\n<p class=\"bodytext\">[\/et_pb_text][\/et_pb_column][\/et_pb_row][et_pb_row custom_padding=&#8220;0px|0px|0px|0px&#8220; _builder_version=&#8220;3.0.64&#8243; background_size=&#8220;initial&#8220; background_position=&#8220;top_left&#8220; background_repeat=&#8220;repeat&#8220;][et_pb_column type=&#8220;4_4&#8243;][et_pb_text admin_label=&#8220;Text Einbau eines Parkettbodens&#8220; _builder_version=&#8220;3.13.1&#8243; custom_margin=&#8220;0px|0px|0px|0px&#8220; custom_padding=&#8220;0px|0px|10px|0px&#8220;]<\/p>\n<p>Hier ein Beispiel zur Verlegung und Weiterbearbeitung eines Holzbodens&#8230;<\/p>\n<p class=\"bodytext\">[\/et_pb_text][\/et_pb_column][\/et_pb_row][et_pb_row custom_padding=&#8220;0px|0px|0px|0px&#8220; _builder_version=&#8220;3.0.64&#8243; background_size=&#8220;initial&#8220; background_position=&#8220;top_left&#8220; background_repeat=&#8220;repeat&#8220;][et_pb_column type=&#8220;1_3&#8243;][et_pb_image admin_label=&#8220;Bild schreinerei_wollscheid_1_parkett&#8220; _builder_version=&#8220;3.13.1&#8243; src=&#8220;https:\/\/www.schreinerei-wollscheid.de\/site\/wp-content\/uploads\/2018\/09\/schreinerei_wollscheid_1_parkett.jpg&#8220; show_in_lightbox=&#8220;on&#8220; \/][et_pb_text admin_label=&#8220;Text Verspachteln&#8220; _builder_version=&#8220;3.13.1&#8243;]<\/p>\n<p>Verspachteln<\/p>\n<p class=\"bodytext\">[\/et_pb_text][\/et_pb_column][et_pb_column type=&#8220;1_3&#8243;][et_pb_image admin_label=&#8220;Bild schreinerei_wollscheid_2_parkett&#8220; _builder_version=&#8220;3.13.1&#8243; src=&#8220;https:\/\/www.schreinerei-wollscheid.de\/site\/wp-content\/uploads\/2018\/09\/schreinerei_wollscheid_2_parkett.jpg&#8220; show_in_lightbox=&#8220;on&#8220; \/][et_pb_text admin_label=&#8220;Text Abschleifen&#8220; _builder_version=&#8220;3.13.1&#8243;]<\/p>\n<p>Abschleifen<\/p>\n<p class=\"bodytext\">[\/et_pb_text][\/et_pb_column][et_pb_column type=&#8220;1_3&#8243;][et_pb_image admin_label=&#8220;Bild schreinerei_wollscheid_bohnern&#8220; _builder_version=&#8220;3.13.1&#8243; src=&#8220;https:\/\/www.schreinerei-wollscheid.de\/site\/wp-content\/uploads\/2018\/09\/schreinerei_wollscheid_bohnern.jpg&#8220; show_in_lightbox=&#8220;on&#8220; \/][et_pb_text admin_label=&#8220;Text Polieren&#8220; _builder_version=&#8220;3.13.1&#8243;]<\/p>\n<p>Polieren<\/p>\n<p class=\"bodytext\">[\/et_pb_text][\/et_pb_column][\/et_pb_row][\/et_pb_section][et_pb_section bb_built=&#8220;1&#8243; custom_padding=&#8220;0px|0px|0px|0px&#8220; _builder_version=&#8220;3.0.64&#8243; prev_background_color=&#8220;#000000&#8243;][et_pb_row custom_padding=&#8220;0px|0px|0px|0px&#8220; _builder_version=&#8220;3.0.64&#8243; background_size=&#8220;initial&#8220; background_position=&#8220;top_left&#8220; background_repeat=&#8220;repeat&#8220;][et_pb_column type=&#8220;4_4&#8243;][et_pb_text admin_label=&#8220;Text Abstandshalter mit Leerzeilen&#8220; _builder_version=&#8220;3.0.64&#8243; custom_margin=&#8220;0px|0px|0px|0px&#8220; custom_padding=&#8220;0px|0px|10px|0px&#8220; background_layout=&#8220;light&#8220; text_orientation=&#8220;left&#8220; border_style=&#8220;solid&#8220;]<\/p>\n<p><span style=\"color: #ffffff;\">:<\/span><br \/>\n<span style=\"color: #ffffff;\">:<\/span><\/p>\n<p class=\"bodytext\">[\/et_pb_text][et_pb_text admin_label=&#8220;Text + Link Impressum Schreinerei Helmut Wollscheid&#8220; _builder_version=&#8220;3.11.1&#8243; custom_padding=&#8220;||5px|&#8220;]<\/p>\n<p style=\"text-align: center;\"><span class=\"st\">\u00a9 Schreinerei Helmut Wollscheid \u2022 Max-Planck-Str.16 \u2022 54329 Konz \u2022 Tel.: 06501-16177 Fax: 06501-180245 &#8211; <a href=\"https:\/\/www.schreinerei-wollscheid.de\/site\/home\/impressum\/\">Impressum<\/a><br \/>\n<\/span><\/p>\n<p class=\"bodytext\">[\/et_pb_text][\/et_pb_column][\/et_pb_row][\/et_pb_section]<\/p>\n","protected":false},"excerpt":{"rendered":"<p>: : B\u00f6den mit Charakter : : Ein Holzboden schafft eine warme und behagliche Atmossp\u00e4hre.\u00a0 Im privaten Bereich, aber auch f\u00fcr Gesch\u00e4ftsr\u00e4ume, werden Dielen- und Parkettb\u00f6den immer beliebter. Wir\u00a0beraten Sie gerne bei der Auswahl der geeigneten H\u00f6lzer, damit Ihr neuer Boden den Anforderungen des Einsatzbereiches gerecht wird. Viele Holzb\u00f6den sind auch f\u00fcr Fu\u00dfbodenheizungen geeignet. Hier [&hellip;]<\/p>\n","protected":false},"author":1,"featured_media":0,"parent":0,"menu_order":34,"comment_status":"closed","ping_status":"closed","template":"","meta":{"_et_pb_use_builder":"on","_et_pb_old_content":"<p>Refere<\/p>","_et_gb_content_width":"","footnotes":""},"class_list":["post-973","page","type-page","status-publish","hentry"],"_links":{"self":[{"href":"https:\/\/www.schreinerei-wollscheid.de\/site\/wp-json\/wp\/v2\/pages\/973","targetHints":{"allow":["GET"]}}],"collection":[{"href":"https:\/\/www.schreinerei-wollscheid.de\/site\/wp-json\/wp\/v2\/pages"}],"about":[{"href":"https:\/\/www.schreinerei-wollscheid.de\/site\/wp-json\/wp\/v2\/types\/page"}],"author":[{"embeddable":true,"href":"https:\/\/www.schreinerei-wollscheid.de\/site\/wp-json\/wp\/v2\/users\/1"}],"replies":[{"embeddable":true,"href":"https:\/\/www.schreinerei-wollscheid.de\/site\/wp-json\/wp\/v2\/comments?post=973"}],"version-history":[{"count":16,"href":"https:\/\/www.schreinerei-wollscheid.de\/site\/wp-json\/wp\/v2\/pages\/973\/revisions"}],"predecessor-version":[{"id":2650,"href":"https:\/\/www.schreinerei-wollscheid.de\/site\/wp-json\/wp\/v2\/pages\/973\/revisions\/2650"}],"wp:attachment":[{"href":"https:\/\/www.schreinerei-wollscheid.de\/site\/wp-json\/wp\/v2\/media?parent=973"}],"curies":[{"name":"wp","href":"https:\/\/api.w.org\/{rel}","templated":true}]}}