{"id":967,"date":"2018-01-06T17:39:16","date_gmt":"2018-01-06T16:39:16","guid":{"rendered":"https:\/\/www.schreinerei-wollscheid.de\/site\/medienproduktion\/"},"modified":"2018-11-02T15:23:11","modified_gmt":"2018-11-02T14:23:11","slug":"treppenbau","status":"publish","type":"page","link":"https:\/\/www.schreinerei-wollscheid.de\/site\/treppenbau\/","title":{"rendered":"Treppenbau"},"content":{"rendered":"<p>[et_pb_section bb_built=&#8220;1&#8243; custom_padding=&#8220;0px|0px|0px|0px&#8220; _builder_version=&#8220;3.0.64&#8243; next_background_color=&#8220;#000000&#8243;][et_pb_row custom_padding=&#8220;0px|0px|0px|0px&#8220; _builder_version=&#8220;3.0.64&#8243; background_size=&#8220;initial&#8220; background_position=&#8220;top_left&#8220; background_repeat=&#8220;repeat&#8220;][et_pb_column type=&#8220;4_4&#8243;][et_pb_text admin_label=&#8220;Text Abstandshalter&#8220; _builder_version=&#8220;3.13.1&#8243; custom_margin=&#8220;0px|0px|0px|0px&#8220; custom_padding=&#8220;0px|0px|10px|0px&#8220;]<\/p>\n<h2><span style=\"color: #ffffff;\">:<\/span><br \/>\n<span style=\"color: #ffffff;\">:<\/span><\/h2>\n<p class=\"bodytext\">[\/et_pb_text][et_pb_text admin_label=&#8220;Text \u00dcberschrift Treppen&#8220; _builder_version=&#8220;3.13.1&#8243; custom_margin=&#8220;0px|0px|0px|0px&#8220; custom_padding=&#8220;0px|0px|10px|0px&#8220;]<\/p>\n<h2 class=\"csc-firstHeader\">Treppen<\/h2>\n<h2><span style=\"color: #ffffff;\">:<\/span><br \/>\n<span style=\"color: #ffffff;\">:<\/span><\/h2>\n<p class=\"bodytext\">[\/et_pb_text][\/et_pb_column][\/et_pb_row][et_pb_row custom_padding=&#8220;0px|0px|0px|0px&#8220; _builder_version=&#8220;3.0.64&#8243; background_size=&#8220;initial&#8220; background_position=&#8220;top_left&#8220; background_repeat=&#8220;repeat&#8220;][et_pb_column type=&#8220;1_2&#8243;][et_pb_image admin_label=&#8220;Bild treppe_hinauf_perspektive&#8220; _builder_version=&#8220;3.13.1&#8243; src=&#8220;https:\/\/www.schreinerei-wollscheid.de\/site\/wp-content\/uploads\/2018\/09\/schreinerei_wollscheid_treppe_hinauf_perspektive.jpg&#8220; show_in_lightbox=&#8220;on&#8220; \/][\/et_pb_column][et_pb_column type=&#8220;1_2&#8243;][et_pb_text admin_label=&#8220;Text Treppen&#8220; _builder_version=&#8220;3.13.1&#8243;]<\/p>\n<p class=\"bodytext\"><b>Treppen dienen nicht nur der \u00dcberwindung<br \/>\nvon H\u00f6henunterschieden, sondern sind<br \/>\nSpiegelbilder von Zeitgeist und Kultur.\u00a0<\/b><\/p>\n<p>Wir k\u00f6nnen heute auf eine riesige Auswahl an Vorbildern<br \/>\naus Geschichte und Moderne zur\u00fcckgreifen.<\/p>\n<p>Ma\u00dfgefertigt und aus edelen Materialien<br \/>\nwird eine Treppe zum Schmuckst\u00fcck<br \/>\nihres Hauses.<\/p>\n<p><a class=\"internal-link\" title=\"\u00d6ffnet internen Link im aktuellen Fenster\" href=\"https:\/\/www.schreinerei-wollscheid.de\/site\/beispieletreppen\/\">Hier finden Sie einige Beispiele unserer Treppen<\/a><br \/>\n<b><br \/>\n<\/b><\/p>\n<p class=\"bodytext\">\n<p class=\"bodytext\">[\/et_pb_text][\/et_pb_column][\/et_pb_row][\/et_pb_section][et_pb_section bb_built=&#8220;1&#8243; custom_padding=&#8220;0px|0px|0px|0px&#8220; _builder_version=&#8220;3.0.64&#8243; next_background_color=&#8220;#000000&#8243; prev_background_color=&#8220;#000000&#8243;][et_pb_row custom_padding=&#8220;0px|0px|0px|0px&#8220; _builder_version=&#8220;3.0.64&#8243; background_size=&#8220;initial&#8220; background_position=&#8220;top_left&#8220; background_repeat=&#8220;repeat&#8220;][et_pb_column type=&#8220;4_4&#8243;][et_pb_text admin_label=&#8220;Text Abstandshalter&#8220; _builder_version=&#8220;3.13.1&#8243; custom_margin=&#8220;0px|0px|0px|0px&#8220; custom_padding=&#8220;0px|0px|10px|0px&#8220;]<\/p>\n<h2><span style=\"color: #ffffff;\">:<\/span><br \/>\n<span style=\"color: #ffffff;\">:<\/span><\/h2>\n<p class=\"bodytext\">[\/et_pb_text][\/et_pb_column][\/et_pb_row][et_pb_row custom_padding=&#8220;0px|0px|0px|0px&#8220; _builder_version=&#8220;3.0.64&#8243; background_size=&#8220;initial&#8220; background_position=&#8220;top_left&#8220; background_repeat=&#8220;repeat&#8220;][et_pb_column type=&#8220;4_4&#8243;][et_pb_text admin_label=&#8220;Text \u00dcberschrift Treppenbau&#8220; _builder_version=&#8220;3.13.1&#8243; custom_margin=&#8220;0px|0px|0px|0px&#8220; custom_padding=&#8220;0px|0px|10px|0px&#8220;]<\/p>\n<h2>Treppenbau<\/h2>\n<h2><span style=\"color: #ffffff;\">:<\/span><br \/>\n<span style=\"color: #ffffff;\">:<\/span><\/h2>\n<p class=\"bodytext\">[\/et_pb_text][\/et_pb_column][\/et_pb_row][et_pb_row custom_padding=&#8220;0px|0px|0px|0px&#8220; _builder_version=&#8220;3.0.64&#8243; background_size=&#8220;initial&#8220; background_position=&#8220;top_left&#8220; background_repeat=&#8220;repeat&#8220;][et_pb_column type=&#8220;4_4&#8243;][et_pb_text admin_label=&#8220;Text Treppenbau&#8220; _builder_version=&#8220;3.13.1&#8243; custom_margin=&#8220;0px|0px|0px|0px&#8220; custom_padding=&#8220;0px|0px|10px|0px&#8220;]<\/p>\n<p>Hier ein Beipiel f\u00fcr die Entstehung einer Treppe<br \/>\nvom Roh-Holz bis zum fertigen Schmuckst\u00fcck.<\/p>\n<h2><span style=\"color: #ffffff;\">:<\/span><br \/>\n<span style=\"color: #ffffff;\">:<\/span><\/h2>\n<p class=\"bodytext\">[\/et_pb_text][\/et_pb_column][\/et_pb_row][et_pb_row custom_padding=&#8220;0px|0px|0px|0px&#8220; _builder_version=&#8220;3.0.64&#8243; background_size=&#8220;initial&#8220; background_position=&#8220;top_left&#8220; background_repeat=&#8220;repeat&#8220;][et_pb_column type=&#8220;1_6&#8243;][et_pb_image admin_label=&#8220;Bild schreinerei_wollscheid_1&#8243; _builder_version=&#8220;3.13.1&#8243; src=&#8220;https:\/\/www.schreinerei-wollscheid.de\/site\/wp-content\/uploads\/2018\/09\/schreinerei_wollscheid_1.jpg&#8220; show_in_lightbox=&#8220;on&#8220; \/][et_pb_text admin_label=&#8220;Text Treppenwange Roh&#8220; _builder_version=&#8220;3.13.1&#8243;]<\/p>\n<p>Treppenwange Roh<\/p>\n<p class=\"bodytext\">[\/et_pb_text][\/et_pb_column][et_pb_column type=&#8220;1_6&#8243;][et_pb_image admin_label=&#8220;Bild schreinerei_wollscheid_2&#8243; _builder_version=&#8220;3.13.1&#8243; src=&#8220;https:\/\/www.schreinerei-wollscheid.de\/site\/wp-content\/uploads\/2018\/09\/schreinerei_wollscheid_2.jpg&#8220; show_in_lightbox=&#8220;on&#8220; \/][et_pb_text admin_label=&#8220;Text Montierte Treppe&#8220; _builder_version=&#8220;3.13.1&#8243;]<\/p>\n<p>Montierte Treppe<\/p>\n<p class=\"bodytext\">[\/et_pb_text][\/et_pb_column][et_pb_column type=&#8220;1_6&#8243;][et_pb_image admin_label=&#8220;Bild schreinerei_wollscheid_3&#8243; _builder_version=&#8220;3.13.1&#8243; src=&#8220;https:\/\/www.schreinerei-wollscheid.de\/site\/wp-content\/uploads\/2018\/09\/schreinerei_wollscheid_3.jpg&#8220; show_in_lightbox=&#8220;on&#8220; \/][et_pb_text admin_label=&#8220;Text Befestigung des Gel\u00e4nderrahmens&#8220; _builder_version=&#8220;3.13.1&#8243;]<\/p>\n<p>Befestigung des Gel\u00e4nderrahmens<\/p>\n<p class=\"bodytext\">[\/et_pb_text][\/et_pb_column][et_pb_column type=&#8220;1_6&#8243;][et_pb_image admin_label=&#8220;Bild schreinerei_wollscheid_4&#8243; _builder_version=&#8220;3.13.1&#8243; src=&#8220;https:\/\/www.schreinerei-wollscheid.de\/site\/wp-content\/uploads\/2018\/09\/schreinerei_wollscheid_4.jpg&#8220; show_in_lightbox=&#8220;on&#8220; \/][et_pb_text admin_label=&#8220;Text Gel\u00e4nderst\u00e4be&#8220; _builder_version=&#8220;3.13.1&#8243;]<\/p>\n<p>Gel\u00e4nderst\u00e4be<\/p>\n<p class=\"bodytext\">[\/et_pb_text][\/et_pb_column][et_pb_column type=&#8220;1_6&#8243;][et_pb_image admin_label=&#8220;Bild schreinerei_wollscheid_6&#8243; _builder_version=&#8220;3.13.1&#8243; src=&#8220;https:\/\/www.schreinerei-wollscheid.de\/site\/wp-content\/uploads\/2018\/09\/schreinerei_wollscheid_6.jpg&#8220; show_in_lightbox=&#8220;on&#8220; \/][et_pb_text admin_label=&#8220;Text Beinahe fertig&#8220; _builder_version=&#8220;3.13.1&#8243;]<\/p>\n<p>Beinahe fertig<\/p>\n<p class=\"bodytext\">[\/et_pb_text][\/et_pb_column][et_pb_column type=&#8220;1_6&#8243;][et_pb_image admin_label=&#8220;Bild schreinerei_wollscheid_5&#8243; _builder_version=&#8220;3.13.1&#8243; src=&#8220;https:\/\/www.schreinerei-wollscheid.de\/site\/wp-content\/uploads\/2018\/09\/schreinerei_wollscheid_5.jpg&#8220; show_in_lightbox=&#8220;on&#8220; \/][et_pb_text admin_label=&#8220;Text Passt!&#8230;&#8220; _builder_version=&#8220;3.13.1&#8243;]<\/p>\n<p>Passt!&#8230;<\/p>\n<p class=\"bodytext\">[\/et_pb_text][\/et_pb_column][\/et_pb_row][\/et_pb_section][et_pb_section bb_built=&#8220;1&#8243; custom_padding=&#8220;0px|0px|0px|0px&#8220; _builder_version=&#8220;3.0.64&#8243; prev_background_color=&#8220;#000000&#8243;][et_pb_row custom_padding=&#8220;0px|0px|0px|0px&#8220; _builder_version=&#8220;3.0.64&#8243; background_size=&#8220;initial&#8220; background_position=&#8220;top_left&#8220; background_repeat=&#8220;repeat&#8220;][et_pb_column type=&#8220;4_4&#8243;][et_pb_text admin_label=&#8220;Text Abstandshalter mit Leerzeilen&#8220; _builder_version=&#8220;3.0.64&#8243; custom_margin=&#8220;0px|0px|0px|0px&#8220; custom_padding=&#8220;0px|0px|10px|0px&#8220; background_layout=&#8220;light&#8220; text_orientation=&#8220;left&#8220; border_style=&#8220;solid&#8220;]<\/p>\n<p><span style=\"color: #ffffff;\">:<\/span><br \/>\n<span style=\"color: #ffffff;\">:<\/span><\/p>\n<p class=\"bodytext\">[\/et_pb_text][et_pb_text admin_label=&#8220;Text + Link Impressum Schreinerei Helmut Wollscheid&#8220; _builder_version=&#8220;3.11.1&#8243; custom_padding=&#8220;||5px|&#8220;]<\/p>\n<p style=\"text-align: center;\"><span class=\"st\">\u00a9 Schreinerei Helmut Wollscheid \u2022 Max-Planck-Str.16 \u2022 54329 Konz \u2022 Tel.: 06501-16177 Fax: 06501-180245 &#8211; <a href=\"https:\/\/www.schreinerei-wollscheid.de\/site\/home\/impressum\/\">Impressum<\/a><br \/>\n<\/span><\/p>\n<p class=\"bodytext\">[\/et_pb_text][\/et_pb_column][\/et_pb_row][\/et_pb_section]<\/p>\n","protected":false},"excerpt":{"rendered":"<p>: : Treppen : : Treppen dienen nicht nur der \u00dcberwindung von H\u00f6henunterschieden, sondern sind Spiegelbilder von Zeitgeist und Kultur.\u00a0 Wir k\u00f6nnen heute auf eine riesige Auswahl an Vorbildern aus Geschichte und Moderne zur\u00fcckgreifen. Ma\u00dfgefertigt und aus edelen Materialien wird eine Treppe zum Schmuckst\u00fcck ihres Hauses. Hier finden Sie einige Beispiele unserer Treppen : : [&hellip;]<\/p>\n","protected":false},"author":1,"featured_media":0,"parent":0,"menu_order":27,"comment_status":"closed","ping_status":"closed","template":"","meta":{"_et_pb_use_builder":"on","_et_pb_old_content":"","_et_gb_content_width":"","footnotes":""},"class_list":["post-967","page","type-page","status-publish","hentry"],"_links":{"self":[{"href":"https:\/\/www.schreinerei-wollscheid.de\/site\/wp-json\/wp\/v2\/pages\/967","targetHints":{"allow":["GET"]}}],"collection":[{"href":"https:\/\/www.schreinerei-wollscheid.de\/site\/wp-json\/wp\/v2\/pages"}],"about":[{"href":"https:\/\/www.schreinerei-wollscheid.de\/site\/wp-json\/wp\/v2\/types\/page"}],"author":[{"embeddable":true,"href":"https:\/\/www.schreinerei-wollscheid.de\/site\/wp-json\/wp\/v2\/users\/1"}],"replies":[{"embeddable":true,"href":"https:\/\/www.schreinerei-wollscheid.de\/site\/wp-json\/wp\/v2\/comments?post=967"}],"version-history":[{"count":19,"href":"https:\/\/www.schreinerei-wollscheid.de\/site\/wp-json\/wp\/v2\/pages\/967\/revisions"}],"predecessor-version":[{"id":969,"href":"https:\/\/www.schreinerei-wollscheid.de\/site\/wp-json\/wp\/v2\/pages\/967\/revisions\/969"}],"wp:attachment":[{"href":"https:\/\/www.schreinerei-wollscheid.de\/site\/wp-json\/wp\/v2\/media?parent=967"}],"curies":[{"name":"wp","href":"https:\/\/api.w.org\/{rel}","templated":true}]}}