{"id":3215,"date":"2018-09-12T17:20:48","date_gmt":"2018-09-12T15:20:48","guid":{"rendered":"https:\/\/www.schreinerei-wollscheid.de\/site\/?page_id=3215"},"modified":"2018-11-02T15:01:23","modified_gmt":"2018-11-02T14:01:23","slug":"firmenprofil","status":"publish","type":"page","link":"https:\/\/www.schreinerei-wollscheid.de\/site\/firmenprofil\/","title":{"rendered":"Firmenprofil"},"content":{"rendered":"<p>[et_pb_section bb_built=&#8220;1&#8243; next_background_color=&#8220;#000000&#8243;][et_pb_row][et_pb_column type=&#8220;4_4&#8243;][et_pb_text admin_label=&#8220;Text Abstandshalter mit Leerzeilen&#8220; _builder_version=&#8220;3.0.64&#8243; custom_margin=&#8220;0px|0px|0px|0px&#8220; custom_padding=&#8220;0px|0px|10px|0px&#8220; background_layout=&#8220;light&#8220; text_orientation=&#8220;left&#8220; border_style=&#8220;solid&#8220;]<\/p>\n<p><span style=\"color: #ffffff;\">:<\/span><br \/>\n<span style=\"color: #ffffff;\">:<\/span><\/p>\n<p>[\/et_pb_text][\/et_pb_column][\/et_pb_row][\/et_pb_section][et_pb_section bb_built=&#8220;1&#8243; next_background_color=&#8220;#000000&#8243; prev_background_color=&#8220;#000000&#8243;][et_pb_row][et_pb_column type=&#8220;1_4&#8243;][et_pb_image admin_label=&#8220;Bild meisterbrief_web&#8220; _builder_version=&#8220;3.13.1&#8243; src=&#8220;https:\/\/www.schreinerei-wollscheid.de\/site\/wp-content\/uploads\/2018\/09\/schreinerei_wollscheid_meisterbrief_web.jpg&#8220; show_in_lightbox=&#8220;on&#8220; \/][\/et_pb_column][et_pb_column type=&#8220;3_4&#8243;][et_pb_text admin_label=&#8220;Text \u00dcberschrift Philosophie&#8220; _builder_version=&#8220;3.13.1&#8243;]<\/p>\n<h2 class=\"csc-firstHeader\">Wir lieben Holz<\/h2>\n<p>[\/et_pb_text][et_pb_text admin_label=&#8220;Text Philosophie&#8220; _builder_version=&#8220;3.13.1&#8243;]<\/p>\n<p class=\"csc-firstHeader\">Die Freude am Umgang mit Holz, dem vielseitigen<br \/>\nnat\u00fcrlichen Werkstoff und seinen Bearbeitungs-<br \/>\nund Einsatzm\u00f6glichkeiten, war f\u00fcr uns der Grund,<br \/>\nden Beruf des Schreiners zu ergreifen.<\/p>\n<p>Der Spa\u00df und die Leidenschaft, mit denen wir neue Meisterwerke<br \/>\nerstellen ist unser Antrieb. Aus der Freude unserer Kunden<br \/>\nan den f\u00fcr sie gefertigten Arbeiten und dem Stolz<br \/>\nmit dem sie die Arbeiten ihren Freunden und Bekannten<br \/>\npr\u00e4sentieren, entsteht f\u00fcr uns die beste Werbung, die wir<br \/>\nuns vorstellen k\u00f6nnen. Deshalb ist f\u00fcr uns sehr wichtig,<br \/>\ndass wir Ihnen ihre W\u00fcnsche erf\u00fcllen.<\/p>\n<p>Die von uns angebotenen und ausgef\u00fchrten Arbeiten<br \/>\nentsprechen aktuellen, anerkannten Verarbeitungs-<br \/>\nund Qualit\u00e4tsstandards, \u00fcber die wir uns st\u00e4ndig informieren.<\/p>\n<p>Die p\u00fcnktliche Auftragsdurchf\u00fchrung, zuverl\u00e4ssige;<br \/>\nvertrauensw\u00fcrdige Mitarbeiter und ein sehr<br \/>\nguter Service, sind f\u00fcr die Erf\u00fcllung unseres Auftrag<br \/>\ndie unverzichtbare Grundvoraussetzung.<\/p>\n<p>[\/et_pb_text][et_pb_text admin_label=&#8220;Text Abstandshalter mit Leerzeilen&#8220; _builder_version=&#8220;3.0.64&#8243; custom_margin=&#8220;0px|0px|0px|0px&#8220; custom_padding=&#8220;0px|0px|10px|0px&#8220; background_layout=&#8220;light&#8220; text_orientation=&#8220;left&#8220; border_style=&#8220;solid&#8220;]<\/p>\n<p><span style=\"color: #ffffff;\">:<\/span><br \/>\n<span style=\"color: #ffffff;\">:<\/span><\/p>\n<p>[\/et_pb_text][\/et_pb_column][\/et_pb_row][\/et_pb_section][et_pb_section bb_built=&#8220;1&#8243; next_background_color=&#8220;#000000&#8243; prev_background_color=&#8220;#000000&#8243;][et_pb_row][et_pb_column type=&#8220;1_4&#8243;][\/et_pb_column][et_pb_column type=&#8220;3_4&#8243;][et_pb_text admin_label=&#8220;Text \u00dcberschrift Die Geschichte der Schreinerei Wollscheid&#8220; _builder_version=&#8220;3.13.1&#8243;]<\/p>\n<h2 class=\"csc-firstHeader\">Die Geschichte der Schreinerei Wollscheid<\/h2>\n<p>[\/et_pb_text][et_pb_text admin_label=&#8220;Text Die Geschichte der Schreinerei Wollscheid&#8220; _builder_version=&#8220;3.13.1&#8243;]<\/p>\n<p class=\"csc-firstHeader\">Seine Ausbildung zum Schreinergesellen absolvierte Helmut Wollscheid<br \/>\n1975 -1978 im traditonell orientierten Schreinerbetrieb von Nikolaus Gehlen<br \/>\nin Sch\u00f6ndorf.<\/p>\n<p>Meister Gehlen legte gr\u00f6\u00dften Wert auf handwerkliches K\u00f6nnen<br \/>\nund Pr\u00e4zision: Mehrere Monate Ausbildung und Praxis an Hands\u00e4ge und<br \/>\nStechbeitel, f\u00fchrten neben etlichen Blasen an den H\u00e4nden, zu hoher<br \/>\nSicherheit im Umgang mit traditionellem Schreinerwerkzeug.<\/p>\n<p>Nach einigen Jahren Erfahrungssammlung als Schreinergeselle,<br \/>\nlegte Helmut Wollscheid 1983 seine Meisterpr\u00fcfung ab.<\/p>\n<p>1993 gr\u00fcndete er sein eigenes Unternehmen in Trier.<\/p>\n<p>Ein Umzug in gr\u00f6ssere Werkst\u00e4tten und Gesch\u00e4ftsr\u00e4ume nach Konz-K\u00f6nen,<br \/>\nschaffte 1996 Platz f\u00fcr einen hochmodernen Maschinenpark zur Holzbearbeitung<br \/>\nund f\u00fcr die individuelle Vorfertigung von Holz-Einbauelementen und M\u00f6beln.<\/p>\n<p>Die Schreinerei Wollscheid besch\u00e4ftigt mittlerweile 5 Mitarbeiter<br \/>\nund hat sich in den letzten 13 Jahren einen sehr guten Namen<br \/>\nbei vielen gewerblichen und privaten Kunden erarbeitet.<\/p>\n<p>Beispiele unserer Arbeiten finden sie im Bereich\u00a0<a class=\"internal-link\" title=\"Beispiele unserer Arbeit\" href=\"https:\/\/www.schreinerei-wollscheid.de\/site\/home\/referenzen\/\">&#8222;Referenzen<\/a>&#8222;.<\/p>\n<p>[\/et_pb_text][et_pb_text admin_label=&#8220;Text Abstandshalter mit Leerzeilen&#8220; _builder_version=&#8220;3.0.64&#8243; custom_margin=&#8220;0px|0px|0px|0px&#8220; custom_padding=&#8220;0px|0px|10px|0px&#8220; background_layout=&#8220;light&#8220; text_orientation=&#8220;left&#8220; border_style=&#8220;solid&#8220;]<\/p>\n<p><span style=\"color: #ffffff;\">:<\/span><br \/>\n<span style=\"color: #ffffff;\">:<\/span><\/p>\n<p>[\/et_pb_text][\/et_pb_column][\/et_pb_row][\/et_pb_section][et_pb_section bb_built=&#8220;1&#8243; next_background_color=&#8220;#000000&#8243; prev_background_color=&#8220;#000000&#8243;][et_pb_row][et_pb_column type=&#8220;1_4&#8243;][\/et_pb_column][et_pb_column type=&#8220;3_4&#8243;][et_pb_text admin_label=&#8220;Text \u00dcberschrift Ein gutes Team f\u00fcr beste Leistungen&#8220; _builder_version=&#8220;3.13.1&#8243;]<\/p>\n<h2 class=\"csc-firstHeader\">Ein gutes Team f\u00fcr beste Leistungen<\/h2>\n<p>[\/et_pb_text][et_pb_text admin_label=&#8220;Text Ein gutes Team f\u00fcr beste Leistungen&#8220; _builder_version=&#8220;3.13.1&#8243;]<\/p>\n<p class=\"csc-firstHeader\"><b>Nur im Team, mit gemeinsamer Anstrengung und Kooperation<br \/>\nlassen sich Aufgaben effizient und hochwertig meistern.<\/b><\/p>\n<p>F\u00fcr ein optimales Ergebnis arbeiten wir gemeinsam und<br \/>\nb\u00fcndeln unsere Kr\u00e4fte und F\u00e4higkeiten. Unser Team besteht<br \/>\naus 5 qualifizierten Mitarbeitern. Jeder einzelne besitzt seine<br \/>\nindividuellen F\u00e4higkeiten. Gemeinsam ergibt sich daraus eine<br \/>\noptimale Mischung von Fachkompetenzen.<\/p>\n<p>[\/et_pb_text][\/et_pb_column][\/et_pb_row][\/et_pb_section][et_pb_section bb_built=&#8220;1&#8243; custom_padding=&#8220;0px|0px|0px|0px&#8220; _builder_version=&#8220;3.0.64&#8243; prev_background_color=&#8220;#000000&#8243;][et_pb_row custom_padding=&#8220;0px|0px|0px|0px&#8220; _builder_version=&#8220;3.0.64&#8243; background_size=&#8220;initial&#8220; background_position=&#8220;top_left&#8220; background_repeat=&#8220;repeat&#8220;][et_pb_column type=&#8220;4_4&#8243;][et_pb_text admin_label=&#8220;Text Abstandshalter mit Leerzeilen&#8220; _builder_version=&#8220;3.0.64&#8243; custom_margin=&#8220;0px|0px|0px|0px&#8220; custom_padding=&#8220;0px|0px|10px|0px&#8220; background_layout=&#8220;light&#8220; text_orientation=&#8220;left&#8220; border_style=&#8220;solid&#8220;]<\/p>\n<p><span style=\"color: #ffffff;\">:<\/span><br \/>\n<span style=\"color: #ffffff;\">:<\/span><\/p>\n<p>[\/et_pb_text][et_pb_text admin_label=&#8220;Text + Link Impressum Schreinerei Helmut Wollscheid&#8220; _builder_version=&#8220;3.11.1&#8243; custom_padding=&#8220;||5px|&#8220;]<\/p>\n<p style=\"text-align: center;\"><span class=\"st\">\u00a9 Schreinerei Helmut Wollscheid \u2022 Max-Planck-Str.16 \u2022 54329 Konz \u2022 Tel.: 06501-16177 Fax: 06501-180245 &#8211; <a href=\"https:\/\/www.schreinerei-wollscheid.de\/site\/home\/impressum\/\">Impressum<\/a><br \/>\n<\/span><\/p>\n<p>[\/et_pb_text][\/et_pb_column][\/et_pb_row][\/et_pb_section]<\/p>\n","protected":false},"excerpt":{"rendered":"<p><div class=\"et_pb_row et_pb_row_0 et_pb_row_empty\">\n\t\t\t\t\n\t\t\t\t\n\t\t\t\t\n\t\t\t\t\n\t\t\t\t\n\t\t\t<\/div> : : <div class=\"et_pb_row et_pb_row_1 et_pb_row_empty\">\n\t\t\t\t\n\t\t\t\t\n\t\t\t\t\n\t\t\t\t\n\t\t\t\t\n\t\t\t<\/div> Wir lieben Holz Die Freude am Umgang mit Holz, dem vielseitigen nat\u00fcrlichen Werkstoff und seinen Bearbeitungs- und Einsatzm\u00f6glichkeiten, war f\u00fcr uns der Grund, den Beruf des Schreiners zu ergreifen. Der Spa\u00df und die Leidenschaft, mit denen wir neue Meisterwerke erstellen ist unser Antrieb. Aus der Freude unserer Kunden an den f\u00fcr [&hellip;]<\/p>\n","protected":false},"author":1,"featured_media":0,"parent":0,"menu_order":0,"comment_status":"closed","ping_status":"closed","template":"","meta":{"_et_pb_use_builder":"on","_et_pb_old_content":"","_et_gb_content_width":"","footnotes":""},"class_list":["post-3215","page","type-page","status-publish","hentry"],"_links":{"self":[{"href":"https:\/\/www.schreinerei-wollscheid.de\/site\/wp-json\/wp\/v2\/pages\/3215","targetHints":{"allow":["GET"]}}],"collection":[{"href":"https:\/\/www.schreinerei-wollscheid.de\/site\/wp-json\/wp\/v2\/pages"}],"about":[{"href":"https:\/\/www.schreinerei-wollscheid.de\/site\/wp-json\/wp\/v2\/types\/page"}],"author":[{"embeddable":true,"href":"https:\/\/www.schreinerei-wollscheid.de\/site\/wp-json\/wp\/v2\/users\/1"}],"replies":[{"embeddable":true,"href":"https:\/\/www.schreinerei-wollscheid.de\/site\/wp-json\/wp\/v2\/comments?post=3215"}],"version-history":[{"count":11,"href":"https:\/\/www.schreinerei-wollscheid.de\/site\/wp-json\/wp\/v2\/pages\/3215\/revisions"}],"predecessor-version":[{"id":3277,"href":"https:\/\/www.schreinerei-wollscheid.de\/site\/wp-json\/wp\/v2\/pages\/3215\/revisions\/3277"}],"wp:attachment":[{"href":"https:\/\/www.schreinerei-wollscheid.de\/site\/wp-json\/wp\/v2\/media?parent=3215"}],"curies":[{"name":"wp","href":"https:\/\/api.w.org\/{rel}","templated":true}]}}