{"id":3200,"date":"2018-09-12T17:02:16","date_gmt":"2018-09-12T15:02:16","guid":{"rendered":"https:\/\/www.schreinerei-wollscheid.de\/site\/?page_id=3200"},"modified":"2018-09-16T15:56:59","modified_gmt":"2018-09-16T13:56:59","slug":"denkmalpflegepreis","status":"publish","type":"page","link":"https:\/\/www.schreinerei-wollscheid.de\/site\/denkmalpflegepreis\/","title":{"rendered":"Denkmalpflegepreis"},"content":{"rendered":"<p>[et_pb_section bb_built=&#8220;1&#8243; next_background_color=&#8220;#000000&#8243;][et_pb_row custom_padding=&#8220;0px|0px|0px|0px&#8220; _builder_version=&#8220;3.0.64&#8243; background_size=&#8220;initial&#8220; background_position=&#8220;top_left&#8220; background_repeat=&#8220;repeat&#8220;][et_pb_column type=&#8220;4_4&#8243;][et_pb_text admin_label=&#8220;Text Abstandshalter mit Leerzeilen&#8220; _builder_version=&#8220;3.13.1&#8243; custom_margin=&#8220;0px|0px|0px|0px&#8220; custom_padding=&#8220;0px|0px|10px|0px&#8220; background_layout=&#8220;light&#8220; text_orientation=&#8220;left&#8220; border_style=&#8220;solid&#8220;]<\/p>\n<p><span style=\"color: #ffffff;\">:<\/span><br \/>\n<span style=\"color: #ffffff;\">:<\/span><\/p>\n<p>[\/et_pb_text][\/et_pb_column][\/et_pb_row][et_pb_row custom_padding=&#8220;0px|0px|0px|0px&#8220; _builder_version=&#8220;3.13.1&#8243; background_size=&#8220;initial&#8220; background_position=&#8220;top_left&#8220; background_repeat=&#8220;repeat&#8220;][et_pb_column type=&#8220;3_5&#8243;][et_pb_text admin_label=&#8220;Text \u00dcberschrift Denkmalpflegepreis f\u00fcr Helmut Wollscheid&#8220; _builder_version=&#8220;3.13.1&#8243; custom_margin=&#8220;0px|0px|0px|0px&#8220; custom_padding=&#8220;0px|0px|10px|0px&#8220; border_style=&#8220;solid&#8220;]<\/p>\n<h2 class=\"csc-firstHeader\">Denkmalpflegepreis f\u00fcr Helmut Wollscheid<\/h2>\n<p><span style=\"color: #ffffff;\">:<\/span><\/p>\n<p>[\/et_pb_text][et_pb_text admin_label=&#8220;Text Denkmalpflegepreis f\u00fcr Helmut Wollscheid&#8220; _builder_version=&#8220;3.13.1&#8243; custom_margin=&#8220;0px|0px|0px|0px&#8220; custom_padding=&#8220;0px|0px|10px|0px&#8220; border_style=&#8220;solid&#8220;]<\/p>\n<p class=\"csc-firstHeader\"><b>22.07.2005<\/b><br \/>\n<b>Schreinermeister Helmut Wollscheid<\/b>\u00a0erh\u00e4lt den<br \/>\n<b>Denkmalpflegepreis<\/b>\u00a0der Handwerkskammer Trier f\u00fcr<br \/>\n&#8222;die behutsame Aufarbeitung&#8220; der historischen Innen-<br \/>\nausstattung des Hauses Theb\u00e4erstr. 11 in der Trierer Innenstadt.<\/p>\n<p><span style=\"color: #ffffff;\">:<\/span><\/p>\n<p>[\/et_pb_text][et_pb_text admin_label=&#8220;Text \u00dcberschrift Denkmalpflegepreis der Handwerkskammer Trier&#8220; _builder_version=&#8220;3.13.1&#8243; custom_margin=&#8220;0px|0px|0px|0px&#8220; custom_padding=&#8220;0px|0px|10px|0px&#8220; border_style=&#8220;solid&#8220;]<\/p>\n<h2 class=\"csc-firstHeader\">Denkmalpflegepreis der Handwerkskammer Trier<\/h2>\n<p><span style=\"color: #ffffff;\">:<\/span><\/p>\n<p>[\/et_pb_text][et_pb_text admin_label=&#8220;Text Denkmalpflegepreis der Handwerkskammer Trier&#8220; _builder_version=&#8220;3.13.1&#8243; custom_margin=&#8220;0px|0px|0px|0px&#8220; custom_padding=&#8220;0px|0px|10px|0px&#8220; border_style=&#8220;solid&#8220;]<\/p>\n<p><b>F\u00fcr &#8222;die behutsame Aufarbeitung&#8220; der historischen<br \/>\nInnenausstattung des Hauses Theb\u00e4erstr. 11<br \/>\nin der Trierer Innenstadt, \u00fcberreichte die Handwerks-<br \/>\nkammer Trier am 22.07.2005\u00a0den Denkmalpflegepreis<br \/>\nan Schreinermeister Helmut Wollscheid.<\/b><\/p>\n<p>Besonderer Wert wurde auf die Erhaltung der<br \/>\nOriginalsubstanz und die stilechte Restauration<br \/>\ngelegt.\u00a0Nicht mehr zu reparierende\u00a0Teile wurden<br \/>\ndurch\u00a0individuell gefertigte\u00a0Repliken ersetzt.<br \/>\nDie edle Innenaustattung gl\u00e4nzt nun wieder im<br \/>\nneuen Gewand. Bei der Bauabnahme durch<br \/>\nArchitekten und\u00a0Spezialisten des St\u00e4dtischen<br \/>\nMuseums Trier, hatten selbst die Profis Schwierig-<br \/>\nkeiten die Originalteile von den nachgebauten<br \/>\nElementen zu unterscheiden.<\/p>\n<p>[\/et_pb_text][\/et_pb_column][et_pb_column type=&#8220;2_5&#8243;][et_pb_image admin_label=&#8220;Bild urkunde_test&#8220; _builder_version=&#8220;3.13.1&#8243; src=&#8220;https:\/\/www.schreinerei-wollscheid.de\/site\/wp-content\/uploads\/2018\/09\/schreinerei_wollscheid_wollscheid_urkunde_test.jpg&#8220; show_in_lightbox=&#8220;on&#8220; \/][\/et_pb_column][\/et_pb_row][et_pb_row custom_padding=&#8220;0px|0px|0px|0px&#8220; _builder_version=&#8220;3.0.64&#8243; background_size=&#8220;initial&#8220; background_position=&#8220;top_left&#8220; background_repeat=&#8220;repeat&#8220;][et_pb_column type=&#8220;4_4&#8243;][et_pb_text admin_label=&#8220;Text Abstandshalter mit Leerzeilen&#8220; _builder_version=&#8220;3.13.1&#8243; custom_margin=&#8220;0px|0px|0px|0px&#8220; custom_padding=&#8220;0px|0px|10px|0px&#8220; background_layout=&#8220;light&#8220; text_orientation=&#8220;left&#8220; border_style=&#8220;solid&#8220;]<\/p>\n<p><span style=\"color: #ffffff;\">:<\/span><br \/>\n<span style=\"color: #ffffff;\">:<\/span><\/p>\n<p>[\/et_pb_text][\/et_pb_column][\/et_pb_row][et_pb_row custom_padding=&#8220;0px|0px|0px|0px&#8220; _builder_version=&#8220;3.13.1&#8243; background_size=&#8220;initial&#8220; background_position=&#8220;top_left&#8220; background_repeat=&#8220;repeat&#8220;][et_pb_column type=&#8220;4_4&#8243;][et_pb_text admin_label=&#8220;Text \u00dcberschrift Original und Rekonstruktion kaum zu unterscheiden&#8220; _builder_version=&#8220;3.13.1&#8243; custom_margin=&#8220;0px|0px|0px|0px&#8220; custom_padding=&#8220;0px|0px|10px|0px&#8220; border_style=&#8220;solid&#8220;]<\/p>\n<div class=\"csc-header csc-header-n2\">\n<h2>Original und Rekonstruktion kaum zu unterscheiden<\/h2>\n<\/div>\n<p><span style=\"color: #ffffff;\">:<\/span><\/p>\n<p>[\/et_pb_text][\/et_pb_column][\/et_pb_row][et_pb_row custom_padding=&#8220;0px|0px|0px|0px&#8220; _builder_version=&#8220;3.13.1&#8243; background_size=&#8220;initial&#8220; background_position=&#8220;top_left&#8220; background_repeat=&#8220;repeat&#8220;][et_pb_column type=&#8220;1_3&#8243;][et_pb_image admin_label=&#8220;Bild innentuer&#8220; _builder_version=&#8220;3.13.1&#8243; src=&#8220;https:\/\/www.schreinerei-wollscheid.de\/site\/wp-content\/uploads\/2018\/09\/schreinerei_wollscheid_innentuer.jpg&#8220; show_in_lightbox=&#8220;on&#8220; \/][et_pb_text admin_label=&#8220;Text T\u00fcrf\u00fcllung zur Raumabtrennung&#8220; _builder_version=&#8220;3.13.1&#8243;]<\/p>\n<p>T\u00fcrf\u00fcllung zur Raumabtrennung<\/p>\n<p>[\/et_pb_text][\/et_pb_column][et_pb_column type=&#8220;1_3&#8243;][et_pb_image admin_label=&#8220;Bild restauration_treppe&#8220; _builder_version=&#8220;3.13.1&#8243; src=&#8220;https:\/\/www.schreinerei-wollscheid.de\/site\/wp-content\/uploads\/2018\/09\/schreinerei_wollscheid_restauration_treppe.jpg&#8220; show_in_lightbox=&#8220;on&#8220; \/][et_pb_text admin_label=&#8220;Text Restauriertes Treppenhaus&#8220; _builder_version=&#8220;3.13.1&#8243;]<\/p>\n<p>Restauriertes Treppenhaus<\/p>\n<p>[\/et_pb_text][\/et_pb_column][et_pb_column type=&#8220;1_3&#8243;][et_pb_image admin_label=&#8220;Bild tuer_tebaeerstr&#8220; _builder_version=&#8220;3.13.1&#8243; src=&#8220;https:\/\/www.schreinerei-wollscheid.de\/site\/wp-content\/uploads\/2018\/09\/schreinerei_wollscheid_tuer_tebaeerstr.jpg&#8220; show_in_lightbox=&#8220;on&#8220; \/][et_pb_text admin_label=&#8220;Text Aufgearbeitete Eingangst\u00fcr&#8220; _builder_version=&#8220;3.13.1&#8243;]<\/p>\n<p>Aufgearbeitete Eingangst\u00fcr<\/p>\n<p>[\/et_pb_text][\/et_pb_column][\/et_pb_row][\/et_pb_section][et_pb_section bb_built=&#8220;1&#8243; custom_padding=&#8220;0px|0px|0px|0px&#8220; _builder_version=&#8220;3.0.64&#8243; prev_background_color=&#8220;#000000&#8243;][et_pb_row custom_padding=&#8220;0px|0px|0px|0px&#8220; _builder_version=&#8220;3.0.64&#8243; background_size=&#8220;initial&#8220; background_position=&#8220;top_left&#8220; background_repeat=&#8220;repeat&#8220;][et_pb_column type=&#8220;4_4&#8243;][et_pb_text admin_label=&#8220;Text Abstandshalter mit Leerzeilen&#8220; _builder_version=&#8220;3.0.64&#8243; custom_margin=&#8220;0px|0px|0px|0px&#8220; custom_padding=&#8220;0px|0px|10px|0px&#8220; background_layout=&#8220;light&#8220; text_orientation=&#8220;left&#8220; border_style=&#8220;solid&#8220;]<\/p>\n<p><span style=\"color: #ffffff;\">:<\/span><br \/>\n<span style=\"color: #ffffff;\">:<\/span><\/p>\n<p>[\/et_pb_text][et_pb_text admin_label=&#8220;Text + Link Impressum Schreinerei Helmut Wollscheid&#8220; _builder_version=&#8220;3.11.1&#8243; custom_padding=&#8220;||5px|&#8220;]<\/p>\n<p style=\"text-align: center;\"><span class=\"st\">\u00a9 Schreinerei Helmut Wollscheid \u2022 Max-Planck-Str.16 \u2022 54329 Konz \u2022 Tel.: 06501-16177 Fax: 06501-180245 &#8211; <a href=\"https:\/\/www.schreinerei-wollscheid.de\/site\/home\/impressum\/\">Impressum<\/a><br \/>\n<\/span><\/p>\n<p>[\/et_pb_text][\/et_pb_column][\/et_pb_row][\/et_pb_section]<\/p>\n","protected":false},"excerpt":{"rendered":"<p>: : Denkmalpflegepreis f\u00fcr Helmut Wollscheid : 22.07.2005 Schreinermeister Helmut Wollscheid\u00a0erh\u00e4lt den Denkmalpflegepreis\u00a0der Handwerkskammer Trier f\u00fcr &#8222;die behutsame Aufarbeitung&#8220; der historischen Innen- ausstattung des Hauses Theb\u00e4erstr. 11 in der Trierer Innenstadt. : Denkmalpflegepreis der Handwerkskammer Trier : F\u00fcr &#8222;die behutsame Aufarbeitung&#8220; der historischen Innenausstattung des Hauses Theb\u00e4erstr. 11 in der Trierer Innenstadt, \u00fcberreichte die Handwerks- [&hellip;]<\/p>\n","protected":false},"author":1,"featured_media":0,"parent":0,"menu_order":0,"comment_status":"closed","ping_status":"closed","template":"","meta":{"_et_pb_use_builder":"on","_et_pb_old_content":"","_et_gb_content_width":"","footnotes":""},"class_list":["post-3200","page","type-page","status-publish","hentry"],"_links":{"self":[{"href":"https:\/\/www.schreinerei-wollscheid.de\/site\/wp-json\/wp\/v2\/pages\/3200","targetHints":{"allow":["GET"]}}],"collection":[{"href":"https:\/\/www.schreinerei-wollscheid.de\/site\/wp-json\/wp\/v2\/pages"}],"about":[{"href":"https:\/\/www.schreinerei-wollscheid.de\/site\/wp-json\/wp\/v2\/types\/page"}],"author":[{"embeddable":true,"href":"https:\/\/www.schreinerei-wollscheid.de\/site\/wp-json\/wp\/v2\/users\/1"}],"replies":[{"embeddable":true,"href":"https:\/\/www.schreinerei-wollscheid.de\/site\/wp-json\/wp\/v2\/comments?post=3200"}],"version-history":[{"count":6,"href":"https:\/\/www.schreinerei-wollscheid.de\/site\/wp-json\/wp\/v2\/pages\/3200\/revisions"}],"predecessor-version":[{"id":3252,"href":"https:\/\/www.schreinerei-wollscheid.de\/site\/wp-json\/wp\/v2\/pages\/3200\/revisions\/3252"}],"wp:attachment":[{"href":"https:\/\/www.schreinerei-wollscheid.de\/site\/wp-json\/wp\/v2\/media?parent=3200"}],"curies":[{"name":"wp","href":"https:\/\/api.w.org\/{rel}","templated":true}]}}