{"id":2987,"date":"2018-09-02T14:05:51","date_gmt":"2018-09-02T12:05:51","guid":{"rendered":"https:\/\/www.schreinerei-wollscheid.de\/site\/?page_id=2987"},"modified":"2018-11-02T15:07:47","modified_gmt":"2018-11-02T14:07:47","slug":"individuellemoebel","status":"publish","type":"page","link":"https:\/\/www.schreinerei-wollscheid.de\/site\/individuellemoebel\/","title":{"rendered":"Individuelle M\u00f6bel"},"content":{"rendered":"<p>[et_pb_section bb_built=&#8220;1&#8243; next_background_color=&#8220;#000000&#8243;][et_pb_row _builder_version=&#8220;3.13.1&#8243;][et_pb_column type=&#8220;4_4&#8243;][et_pb_text admin_label=&#8220;Text Abstandshalter mit Leerzeilen&#8220; _builder_version=&#8220;3.0.64&#8243; custom_margin=&#8220;0px|0px|0px|0px&#8220; custom_padding=&#8220;0px|0px|10px|0px&#8220; background_layout=&#8220;light&#8220; text_orientation=&#8220;left&#8220; border_style=&#8220;solid&#8220;]<\/p>\n<p><span style=\"color: #ffffff;\">:<\/span><br \/>\n<span style=\"color: #ffffff;\">:<\/span><\/p>\n<p>[\/et_pb_text][et_pb_text admin_label=&#8220;Text Individuelle M\u00f6bel&#8220; _builder_version=&#8220;3.13.1&#8243;]<\/p>\n<h1>Individuelle M\u00f6bel<\/h1>\n<p>[\/et_pb_text][\/et_pb_column][\/et_pb_row][et_pb_row custom_padding=&#8220;0px|0px|0px|0px&#8220; _builder_version=&#8220;3.0.64&#8243; background_size=&#8220;initial&#8220; background_position=&#8220;top_left&#8220; background_repeat=&#8220;repeat&#8220;][et_pb_column type=&#8220;4_4&#8243;][et_pb_text admin_label=&#8220;Text Abstandshalter mit Leerzeilen&#8220; _builder_version=&#8220;3.13.1&#8243; custom_margin=&#8220;0px|0px|0px|0px&#8220; custom_padding=&#8220;0px|0px|10px|0px&#8220; background_layout=&#8220;light&#8220; text_orientation=&#8220;left&#8220; border_style=&#8220;solid&#8220;]<\/p>\n<p><span style=\"color: #ffffff;\">:<\/span><br \/>\n<span style=\"color: #ffffff;\">:<\/span><\/p>\n<p>[\/et_pb_text][\/et_pb_column][\/et_pb_row][et_pb_row _builder_version=&#8220;3.13.1&#8243;][et_pb_column type=&#8220;4_4&#8243;][et_pb_text admin_label=&#8220;Text \u00dcberschrift M\u00f6belbau &#8211; Das %22Hauptfach%22 des Schreiners&#8220; _builder_version=&#8220;3.13.1&#8243;]<\/p>\n<h2 class=\"csc-firstHeader\">M\u00f6belbau &#8211; Das &#8222;Hauptfach&#8220; des Schreiners<\/h2>\n<p>[\/et_pb_text][\/et_pb_column][\/et_pb_row][et_pb_row][et_pb_column type=&#8220;1_2&#8243;][et_pb_image admin_label=&#8220;Bild essecke_schw&#8220; _builder_version=&#8220;3.13.1&#8243; src=&#8220;https:\/\/www.schreinerei-wollscheid.de\/site\/wp-content\/uploads\/2018\/09\/schreinerei_wollscheid_essecke_schw.jpg&#8220; show_in_lightbox=&#8220;on&#8220; \/][et_pb_text admin_label=&#8220;Text Essgruppe Buche massiv&#8220; _builder_version=&#8220;3.13.1&#8243;]<\/p>\n<p>Essgruppe Buche massiv<\/p>\n<p>[\/et_pb_text][\/et_pb_column][et_pb_column type=&#8220;1_2&#8243;][et_pb_text admin_label=&#8220;Text M\u00f6bel sind Ausdruck f\u00fcr Lebensstil und Geschmack. &#8220; _builder_version=&#8220;3.13.1&#8243;]<\/p>\n<p><b>M\u00f6bel sind Ausdruck f\u00fcr Lebensstil und Geschmack.\u00a0<\/b><\/p>\n<p>Wir bieten Ihnen individuelle Wohnkultur aus Meisterhand.<br \/>\nVon der Wohnzimmereinrichtung bis hin zu K\u00fcche und Bad<br \/>\nfertigen wir M\u00f6bel nach Ihren W\u00fcnschen.<\/p>\n<p>Die Auswahl hochwertiger H\u00f6lzer, die Bearbeitung mit<br \/>\nmodernsten Maschinen und handwerkliche Sorgfalt<br \/>\nmachen aus jedem M\u00f6belst\u00fcck ein wertvolles Unikat.<\/p>\n<p>[\/et_pb_text][\/et_pb_column][\/et_pb_row][et_pb_row _builder_version=&#8220;3.13.1&#8243;][et_pb_column type=&#8220;4_4&#8243;][et_pb_text admin_label=&#8220;Text Abstandshalter mit Leerzeilen&#8220; _builder_version=&#8220;3.13.1&#8243; custom_margin=&#8220;0px|0px|0px|0px&#8220; custom_padding=&#8220;0px|0px|10px|0px&#8220; background_layout=&#8220;light&#8220; text_orientation=&#8220;left&#8220; border_style=&#8220;solid&#8220;]<\/p>\n<p><span style=\"color: #ffffff;\">:<\/span><br \/>\n<span style=\"color: #ffffff;\">:<\/span><\/p>\n<p>[\/et_pb_text][\/et_pb_column][\/et_pb_row][et_pb_row][et_pb_column type=&#8220;1_3&#8243;][et_pb_image admin_label=&#8220;Bild kueche_rechts&#8220; _builder_version=&#8220;3.13.1&#8243; src=&#8220;https:\/\/www.schreinerei-wollscheid.de\/site\/wp-content\/uploads\/2018\/09\/schreinerei_wollscheid_kueche_rechts.jpg&#8220; show_in_lightbox=&#8220;on&#8220; \/][et_pb_text admin_label=&#8220;Text Einbauk\u00fcche mit Massivholz Fronten&#8220; _builder_version=&#8220;3.13.1&#8243;]<\/p>\n<p>Einbauk\u00fcche mit Massivholz Fronten<\/p>\n<p>[\/et_pb_text][\/et_pb_column][et_pb_column type=&#8220;1_3&#8243;][et_pb_image admin_label=&#8220;Bild schublade_offen_schw&#8220; _builder_version=&#8220;3.13.1&#8243; src=&#8220;https:\/\/www.schreinerei-wollscheid.de\/site\/wp-content\/uploads\/2018\/09\/schreinerei_wollscheid_schublade_offen_schw.jpg&#8220; show_in_lightbox=&#8220;on&#8220; \/][et_pb_text admin_label=&#8220;Text Detailansicht Schubladenauszug&#8220; _builder_version=&#8220;3.13.1&#8243;]<\/p>\n<p>Detailansicht Schubladenauszug<\/p>\n<p>[\/et_pb_text][\/et_pb_column][et_pb_column type=&#8220;1_3&#8243;][et_pb_image admin_label=&#8220;Bild sideboard_schw&#8220; _builder_version=&#8220;3.13.1&#8243; src=&#8220;https:\/\/www.schreinerei-wollscheid.de\/site\/wp-content\/uploads\/2018\/09\/schreinerei_wollscheid_sideboard_schw.jpg&#8220; show_in_lightbox=&#8220;on&#8220; \/][et_pb_text admin_label=&#8220;Text Sideboard&#8220; _builder_version=&#8220;3.13.1&#8243;]<\/p>\n<p>Sideboard<\/p>\n<p>[\/et_pb_text][\/et_pb_column][\/et_pb_row][et_pb_row custom_padding=&#8220;0px|0px|0px|0px&#8220; _builder_version=&#8220;3.0.64&#8243; background_size=&#8220;initial&#8220; background_position=&#8220;top_left&#8220; background_repeat=&#8220;repeat&#8220;][et_pb_column type=&#8220;4_4&#8243;][et_pb_text admin_label=&#8220;Text Abstandshalter mit Leerzeilen&#8220; _builder_version=&#8220;3.13.1&#8243; custom_margin=&#8220;0px|0px|0px|0px&#8220; custom_padding=&#8220;0px|0px|10px|0px&#8220; background_layout=&#8220;light&#8220; text_orientation=&#8220;left&#8220; border_style=&#8220;solid&#8220;]<\/p>\n<p><span style=\"color: #ffffff;\">:<\/span><br \/>\n<span style=\"color: #ffffff;\">:<\/span><\/p>\n<p>[\/et_pb_text][\/et_pb_column][\/et_pb_row][et_pb_row _builder_version=&#8220;3.13.1&#8243;][et_pb_column type=&#8220;4_4&#8243;][et_pb_text admin_label=&#8220;Text Hier finden Sie Beispiele unserer Arbeiten im Bereich M\u00f6belbau.&#8220; _builder_version=&#8220;3.13.1&#8243;]<\/p>\n<p class=\"csc-firstHeader\"><a class=\"internal-link\" title=\"\u00d6ffnet internen Link im aktuellen Fenster\" href=\"https:\/\/www.schreinerei-wollscheid.de\/site\/beispielemoebel\/\">Hier finden Sie Beispiele unserer Arbeiten im Bereich M\u00f6belbau.<\/a><\/p>\n<p>[\/et_pb_text][\/et_pb_column][\/et_pb_row][\/et_pb_section][et_pb_section bb_built=&#8220;1&#8243; custom_padding=&#8220;0px|0px|0px|0px&#8220; _builder_version=&#8220;3.0.64&#8243; prev_background_color=&#8220;#000000&#8243;][et_pb_row custom_padding=&#8220;0px|0px|0px|0px&#8220; _builder_version=&#8220;3.0.64&#8243; background_size=&#8220;initial&#8220; background_position=&#8220;top_left&#8220; background_repeat=&#8220;repeat&#8220;][et_pb_column type=&#8220;4_4&#8243;][et_pb_text admin_label=&#8220;Text Abstandshalter mit Leerzeilen&#8220; _builder_version=&#8220;3.13.1&#8243; custom_margin=&#8220;0px|0px|0px|0px&#8220; custom_padding=&#8220;0px|0px|10px|0px&#8220; background_layout=&#8220;light&#8220; text_orientation=&#8220;left&#8220; border_style=&#8220;solid&#8220;]<\/p>\n<p><span style=\"color: #ffffff;\">:<\/span><br \/>\n<span style=\"color: #ffffff;\">:<\/span><\/p>\n<p>[\/et_pb_text][et_pb_text admin_label=&#8220;Text + Link Impressum Schreinerei Helmut Wollscheid&#8220; _builder_version=&#8220;3.11.1&#8243; custom_padding=&#8220;||5px|&#8220;]<\/p>\n<p style=\"text-align: center;\"><span class=\"st\">\u00a9 Schreinerei Helmut Wollscheid \u2022 Max-Planck-Str.16 \u2022 54329 Konz \u2022 Tel.: 06501-16177 Fax: 06501-180245 &#8211; <a href=\"https:\/\/www.schreinerei-wollscheid.de\/site\/home\/impressum\/\">Impressum<\/a><br \/>\n<\/span><\/p>\n<p>[\/et_pb_text][\/et_pb_column][\/et_pb_row][\/et_pb_section]<\/p>\n","protected":false},"excerpt":{"rendered":"<p>: : Individuelle M\u00f6bel : : M\u00f6belbau &#8211; Das &#8222;Hauptfach&#8220; des Schreiners <div class=\"et_pb_row et_pb_row_0 et_pb_row_empty\">\n\t\t\t\t\n\t\t\t\t\n\t\t\t\t\n\t\t\t\t\n\t\t\t\t\n\t\t\t<\/div> Essgruppe Buche massiv M\u00f6bel sind Ausdruck f\u00fcr Lebensstil und Geschmack.\u00a0 Wir bieten Ihnen individuelle Wohnkultur aus Meisterhand. Von der Wohnzimmereinrichtung bis hin zu K\u00fcche und Bad fertigen wir M\u00f6bel nach Ihren W\u00fcnschen. Die Auswahl hochwertiger H\u00f6lzer, die Bearbeitung mit modernsten Maschinen und [&hellip;]<\/p>\n","protected":false},"author":1,"featured_media":0,"parent":0,"menu_order":9,"comment_status":"closed","ping_status":"closed","template":"","meta":{"_et_pb_use_builder":"on","_et_pb_old_content":"","_et_gb_content_width":"","footnotes":""},"class_list":["post-2987","page","type-page","status-publish","hentry"],"_links":{"self":[{"href":"https:\/\/www.schreinerei-wollscheid.de\/site\/wp-json\/wp\/v2\/pages\/2987","targetHints":{"allow":["GET"]}}],"collection":[{"href":"https:\/\/www.schreinerei-wollscheid.de\/site\/wp-json\/wp\/v2\/pages"}],"about":[{"href":"https:\/\/www.schreinerei-wollscheid.de\/site\/wp-json\/wp\/v2\/types\/page"}],"author":[{"embeddable":true,"href":"https:\/\/www.schreinerei-wollscheid.de\/site\/wp-json\/wp\/v2\/users\/1"}],"replies":[{"embeddable":true,"href":"https:\/\/www.schreinerei-wollscheid.de\/site\/wp-json\/wp\/v2\/comments?post=2987"}],"version-history":[{"count":21,"href":"https:\/\/www.schreinerei-wollscheid.de\/site\/wp-json\/wp\/v2\/pages\/2987\/revisions"}],"predecessor-version":[{"id":3280,"href":"https:\/\/www.schreinerei-wollscheid.de\/site\/wp-json\/wp\/v2\/pages\/2987\/revisions\/3280"}],"wp:attachment":[{"href":"https:\/\/www.schreinerei-wollscheid.de\/site\/wp-json\/wp\/v2\/media?parent=2987"}],"curies":[{"name":"wp","href":"https:\/\/api.w.org\/{rel}","templated":true}]}}