{"id":2876,"date":"2018-09-01T14:37:07","date_gmt":"2018-09-01T12:37:07","guid":{"rendered":"https:\/\/www.schreinerei-wollscheid.de\/site\/?page_id=2876"},"modified":"2018-11-02T15:35:05","modified_gmt":"2018-11-02T14:35:05","slug":"deckengestaltung","status":"publish","type":"page","link":"https:\/\/www.schreinerei-wollscheid.de\/site\/deckengestaltung\/","title":{"rendered":"Deckengestaltung"},"content":{"rendered":"<p>[et_pb_section bb_built=&#8220;1&#8243; custom_padding=&#8220;0px|0px|0px|0px&#8220; _builder_version=&#8220;3.0.64&#8243; next_background_color=&#8220;#000000&#8243;][et_pb_row custom_padding=&#8220;0px|0px|0px|0px&#8220; _builder_version=&#8220;3.0.64&#8243; background_size=&#8220;initial&#8220; background_position=&#8220;top_left&#8220; background_repeat=&#8220;repeat&#8220;][et_pb_column type=&#8220;4_4&#8243;][et_pb_text admin_label=&#8220;Text Abstandshalter mit Leerzeilen&#8220; _builder_version=&#8220;3.0.64&#8243; custom_margin=&#8220;0px|0px|0px|0px&#8220; custom_padding=&#8220;0px|0px|10px|0px&#8220; background_layout=&#8220;light&#8220; text_orientation=&#8220;left&#8220; border_style=&#8220;solid&#8220;]<\/p>\n<p><span style=\"color: #ffffff;\">:<\/span><br \/>\n<span style=\"color: #ffffff;\">:<\/span><\/p>\n<p class=\"bodytext\">[\/et_pb_text][et_pb_text admin_label=&#8220;Text \u00dcberschrift Deckengestaltund&#8220; _builder_version=&#8220;3.13.1&#8243; custom_margin=&#8220;0px|0px|0px|0px&#8220; custom_padding=&#8220;0px|0px|10px|0px&#8220;]<\/p>\n<h2 class=\"csc-firstHeader\">Deckengestaltung<\/h2>\n<h2><span style=\"color: #ffffff;\">:<\/span><br \/>\n<span style=\"color: #ffffff;\">:<\/span><\/h2>\n<p class=\"bodytext\">[\/et_pb_text][\/et_pb_column][\/et_pb_row][et_pb_row custom_padding=&#8220;0px|0px|0px|0px&#8220; _builder_version=&#8220;3.0.64&#8243; background_size=&#8220;initial&#8220; background_position=&#8220;top_left&#8220; background_repeat=&#8220;repeat&#8220;][et_pb_column type=&#8220;1_2&#8243;][et_pb_image admin_label=&#8220;Bild decke1_klein&#8220; _builder_version=&#8220;3.13.1&#8243; src=&#8220;https:\/\/www.schreinerei-wollscheid.de\/site\/wp-content\/uploads\/2018\/09\/schreinerei_wollscheid_decke1_klein.jpg&#8220; show_in_lightbox=&#8220;on&#8220; \/][\/et_pb_column][et_pb_column type=&#8220;1_2&#8243;][et_pb_text admin_label=&#8220;Text Decken&#8220; _builder_version=&#8220;3.13.1&#8243;]<\/p>\n<p class=\"bodytext\"><b>Die Gestaltung der Decke hat einen gro\u00dfen<br \/>\nEinfluss auf den Gesamteindruck eines Raumes.<br \/>\n<\/b><br \/>\nSie bestimmt, ob der Raum als gro\u00dfz\u00fcgig, klein,<br \/>\nger\u00e4umig, eng, luftig oder erdr\u00fcckend\u00a0empfunden<br \/>\nwird. Hierbei spielt nicht nur die Wahl der verwen-<br \/>\ndeten Holzart und deren farbliche Gestaltung eine<br \/>\nwichtige Rolle, sondern auch die Bauform (Kassette,<br \/>\nPaneele oder Nut-\u00a0u. Federbrett), sowie\u00a0die Weise<br \/>\nin der die einzelnen Elemente verlegt werden.<\/p>\n<p>Wir beraten Sie gerne!<b><\/b><\/p>\n<p><a class=\"internal-link\" title=\"\u00d6ffnet internen Link im aktuellen Fenster\" href=\"https:\/\/www.schreinerei-wollscheid.de\/site\/beispieledecken\/\">Hier finden Sie einige Beispiele unserer Decken<\/a><\/p>\n<p class=\"bodytext\">[\/et_pb_text][\/et_pb_column][\/et_pb_row][\/et_pb_section][et_pb_section bb_built=&#8220;1&#8243; custom_padding=&#8220;0px|0px|0px|0px&#8220; _builder_version=&#8220;3.0.64&#8243; next_background_color=&#8220;#000000&#8243; prev_background_color=&#8220;#000000&#8243;][et_pb_row custom_padding=&#8220;0px|0px|0px|0px&#8220; _builder_version=&#8220;3.0.64&#8243; background_size=&#8220;initial&#8220; background_position=&#8220;top_left&#8220; background_repeat=&#8220;repeat&#8220;][et_pb_column type=&#8220;4_4&#8243;][et_pb_text admin_label=&#8220;Text Abstandshalter&#8220; _builder_version=&#8220;3.13.1&#8243; custom_margin=&#8220;0px|0px|0px|0px&#8220; custom_padding=&#8220;0px|0px|10px|0px&#8220;]<\/p>\n<h2><span style=\"color: #ffffff;\">:<\/span><br \/>\n<span style=\"color: #ffffff;\">:<\/span><\/h2>\n<p class=\"bodytext\">[\/et_pb_text][\/et_pb_column][\/et_pb_row][et_pb_row custom_padding=&#8220;0px|0px|0px|0px&#8220; _builder_version=&#8220;3.0.64&#8243; background_size=&#8220;initial&#8220; background_position=&#8220;top_left&#8220; background_repeat=&#8220;repeat&#8220;][et_pb_column type=&#8220;1_3&#8243;][et_pb_image admin_label=&#8220;Bild decke_1&#8243; _builder_version=&#8220;3.13.1&#8243; src=&#8220;https:\/\/www.schreinerei-wollscheid.de\/site\/wp-content\/uploads\/2018\/09\/schreinerei_wollscheid_decke_1.jpg&#8220; show_in_lightbox=&#8220;on&#8220; \/][et_pb_text admin_label=&#8220;Text Esszimmerdecke&#8220; _builder_version=&#8220;3.13.1&#8243;]<\/p>\n<p>Esszimmerdecke<\/p>\n<p class=\"bodytext\">[\/et_pb_text][\/et_pb_column][et_pb_column type=&#8220;1_3&#8243;][et_pb_image admin_label=&#8220;Bild decke_2&#8243; _builder_version=&#8220;3.13.1&#8243; src=&#8220;https:\/\/www.schreinerei-wollscheid.de\/site\/wp-content\/uploads\/2018\/09\/schreinerei_wollscheid_decke_2.jpg&#8220; show_in_lightbox=&#8220;on&#8220; \/][et_pb_text admin_label=&#8220;Text Esszimmer&#8220; _builder_version=&#8220;3.13.1&#8243;]<\/p>\n<p>Esszimmer<\/p>\n<p class=\"bodytext\">[\/et_pb_text][\/et_pb_column][et_pb_column type=&#8220;1_3&#8243;][et_pb_image admin_label=&#8220;Bild decke_3&#8243; _builder_version=&#8220;3.13.1&#8243; src=&#8220;https:\/\/www.schreinerei-wollscheid.de\/site\/wp-content\/uploads\/2018\/09\/schreinerei_wollscheid_decke_3.jpg&#8220; show_in_lightbox=&#8220;on&#8220; \/][et_pb_text admin_label=&#8220;Text Wohnzimmer&#8220; _builder_version=&#8220;3.13.1&#8243;]<\/p>\n<p>Wohnzimmer<\/p>\n<p class=\"bodytext\">[\/et_pb_text][\/et_pb_column][\/et_pb_row][\/et_pb_section][et_pb_section bb_built=&#8220;1&#8243; custom_padding=&#8220;0px|0px|0px|0px&#8220; _builder_version=&#8220;3.0.64&#8243; prev_background_color=&#8220;#000000&#8243;][et_pb_row custom_padding=&#8220;0px|0px|0px|0px&#8220; _builder_version=&#8220;3.0.64&#8243; background_size=&#8220;initial&#8220; background_position=&#8220;top_left&#8220; background_repeat=&#8220;repeat&#8220;][et_pb_column type=&#8220;4_4&#8243;][et_pb_text admin_label=&#8220;Text Abstandshalter mit Leerzeilen&#8220; _builder_version=&#8220;3.0.64&#8243; custom_margin=&#8220;0px|0px|0px|0px&#8220; custom_padding=&#8220;0px|0px|10px|0px&#8220; background_layout=&#8220;light&#8220; text_orientation=&#8220;left&#8220; border_style=&#8220;solid&#8220;]<\/p>\n<p><span style=\"color: #ffffff;\">:<\/span><br \/>\n<span style=\"color: #ffffff;\">:<\/span><\/p>\n<p class=\"bodytext\">[\/et_pb_text][et_pb_text admin_label=&#8220;Text + Link Impressum Schreinerei Helmut Wollscheid&#8220; _builder_version=&#8220;3.11.1&#8243; custom_padding=&#8220;||5px|&#8220;]<\/p>\n<p style=\"text-align: center;\"><span class=\"st\">\u00a9 Schreinerei Helmut Wollscheid \u2022 Max-Planck-Str.16 \u2022 54329 Konz \u2022 Tel.: 06501-16177 Fax: 06501-180245 &#8211; <a href=\"https:\/\/www.schreinerei-wollscheid.de\/site\/home\/impressum\/\">Impressum<\/a><br \/>\n<\/span><\/p>\n<p class=\"bodytext\">[\/et_pb_text][\/et_pb_column][\/et_pb_row][\/et_pb_section]<\/p>\n","protected":false},"excerpt":{"rendered":"<p>: : Deckengestaltung : : Die Gestaltung der Decke hat einen gro\u00dfen Einfluss auf den Gesamteindruck eines Raumes. Sie bestimmt, ob der Raum als gro\u00dfz\u00fcgig, klein, ger\u00e4umig, eng, luftig oder erdr\u00fcckend\u00a0empfunden wird. Hierbei spielt nicht nur die Wahl der verwen- deten Holzart und deren farbliche Gestaltung eine wichtige Rolle, sondern auch die Bauform (Kassette, Paneele [&hellip;]<\/p>\n","protected":false},"author":1,"featured_media":0,"parent":0,"menu_order":41,"comment_status":"closed","ping_status":"closed","template":"","meta":{"_et_pb_use_builder":"on","_et_pb_old_content":"","_et_gb_content_width":"","footnotes":""},"class_list":["post-2876","page","type-page","status-publish","hentry"],"_links":{"self":[{"href":"https:\/\/www.schreinerei-wollscheid.de\/site\/wp-json\/wp\/v2\/pages\/2876","targetHints":{"allow":["GET"]}}],"collection":[{"href":"https:\/\/www.schreinerei-wollscheid.de\/site\/wp-json\/wp\/v2\/pages"}],"about":[{"href":"https:\/\/www.schreinerei-wollscheid.de\/site\/wp-json\/wp\/v2\/types\/page"}],"author":[{"embeddable":true,"href":"https:\/\/www.schreinerei-wollscheid.de\/site\/wp-json\/wp\/v2\/users\/1"}],"replies":[{"embeddable":true,"href":"https:\/\/www.schreinerei-wollscheid.de\/site\/wp-json\/wp\/v2\/comments?post=2876"}],"version-history":[{"count":7,"href":"https:\/\/www.schreinerei-wollscheid.de\/site\/wp-json\/wp\/v2\/pages\/2876\/revisions"}],"predecessor-version":[{"id":3298,"href":"https:\/\/www.schreinerei-wollscheid.de\/site\/wp-json\/wp\/v2\/pages\/2876\/revisions\/3298"}],"wp:attachment":[{"href":"https:\/\/www.schreinerei-wollscheid.de\/site\/wp-json\/wp\/v2\/media?parent=2876"}],"curies":[{"name":"wp","href":"https:\/\/api.w.org\/{rel}","templated":true}]}}